{"id":160,"date":"2019-05-29T12:29:34","date_gmt":"2019-05-29T12:29:34","guid":{"rendered":"http:\/\/m-pc.hu\/?page_id=160"},"modified":"2025-01-03T13:28:56","modified_gmt":"2025-01-03T13:28:56","slug":"araink","status":"publish","type":"page","link":"https:\/\/m-pc.hu\/?page_id=160","title":{"rendered":"\u00c1raink"},"content":{"rendered":"<p><strong><u>F\u00e9nym\u00e1sol\u00e1s nyomtat\u00e1s:<\/u><\/strong><\/p>\n<p>A4 egy oldalas 30 Ft<\/p>\n<p>A4 k\u00e9t oldalas 40 Ft<\/p>\n<p>A4 egy oldalas sz\u00ednes 50 Ft<\/p>\n<p>A4 k\u00e9t oldalas sz\u00ednes 100 Ft<\/p>\n<p>A4 Fot\u00f3 nyomtat\u00e1s 500 Ft<\/p>\n<p>A3 nyomtat\u00e1s 100 Ft<\/p>\n<p>Lamin\u00e1l\u00e1s A4 250 Ft<\/p>\n<p>Nyomtat\u00e1s A1 900 Ft<\/p>\n<p><strong>Internetr\u0151l nyomtat\u00e1s seg\u00edts\u00e9gny\u00fajt\u00e1ssal <\/strong><\/p>\n<p>10 perc 1.000 Ft<\/p>\n<p><strong><u>Spir\u00e1loz\u00e1s<\/u><\/strong><\/p>\n<p>A4 100 lapig\/ spir\u00e1l 500 Ft<\/p>\n<p>A4 100 lapt\u00f3l\/spir\u00e1l 1.000 Ft<\/p>\n<p><strong><u>\u00a0<\/u><\/strong><\/p>\n<p><strong><u>\u00c1rak \u00e9rv\u00e9nyesek 2025.01.01-t\u0151l<\/u><\/strong><\/p>\n<p><strong><u>Szerviz \u00f3rad\u00edjak:<\/u><\/strong><\/p>\n<p>1 \u00f3ra szervizben<\/p>\n<p>Nett\u00f3 10.000 Ft Brutt\u00f3: 12.700 Ft<\/p>\n<p>1 \u00f3ra helysz\u00edni f\u00e9nym\u00e1sol\u00f3 jav\u00edt\u00e1s<\/p>\n<p>Nett\u00f3 10.000Ft Brutt\u00f3:12.700 Ft<\/p>\n<p>Bevizsg\u00e1l\u00e1s<\/p>\n<p>Nett\u00f3 5.000Ft \u00a0\u00a0\u00a0\u00a0 Brutt\u00f3 6.350 Ft<\/p>\n<p>V\u00edrus irt\u00e1s adatment\u00e9s \u00f3rad\u00edja<\/p>\n<p>Nett\u00f3:5.000 Ft Brutt\u00f3:6.350Ft<\/p>\n<p><strong><u>Laptop takar\u00edt\u00e1s egys\u00e9g\u00e1ron!<\/u><\/strong><\/p>\n<p>Nett\u00f3 10.000 Ft Brutt\u00f3 12.700 Ft<\/p>\n<p><strong><u>T\u00e1vseg\u00edts\u00e9g ny\u00fajt\u00e1s<\/u><\/strong><\/p>\n<p>Telefonon vagy rendelkez\u00e9sre \u00e1ll\u00f3 szoftver seg\u00edts\u00e9g\u00e9vel<\/p>\n<p>Nett\u00f3 10.000 Ft Brutt\u00f3: 12.700 Ft<\/p>\n<p><strong><u>\u00a0<\/u><\/strong><\/p>\n<p><strong><u>\u00c1rak \u00e9rv\u00e9nyesek 2025.01.01-t\u0151l<\/u><\/strong><\/p>\n","protected":false},"excerpt":{"rendered":"<p>F\u00e9nym\u00e1sol\u00e1s nyomtat\u00e1s: A4 egy oldalas 30 Ft A4 k\u00e9t oldalas 40 Ft A4 egy oldalas sz\u00ednes 50 Ft A4 k\u00e9t oldalas sz\u00ednes 100 Ft A4 Fot\u00f3 nyomtat\u00e1s 500 Ft A3 nyomtat\u00e1s 100 Ft Lamin\u00e1l\u00e1s A4 250 Ft Nyomtat\u00e1s A1 900 Ft Internetr\u0151l nyomtat\u00e1s seg\u00edts\u00e9gny\u00fajt\u00e1ssal 10 perc 1.000 Ft Spir\u00e1loz\u00e1s A4 100 lapig\/ spir\u00e1l 500 Ft [&hellip;]<\/p>\n","protected":false},"author":1,"featured_media":0,"parent":0,"menu_order":0,"comment_status":"closed","ping_status":"closed","template":"","meta":{"footnotes":""},"class_list":["post-160","page","type-page","status-publish","hentry"],"_links":{"self":[{"href":"https:\/\/m-pc.hu\/index.php?rest_route=\/wp\/v2\/pages\/160"}],"collection":[{"href":"https:\/\/m-pc.hu\/index.php?rest_route=\/wp\/v2\/pages"}],"about":[{"href":"https:\/\/m-pc.hu\/index.php?rest_route=\/wp\/v2\/types\/page"}],"author":[{"embeddable":true,"href":"https:\/\/m-pc.hu\/index.php?rest_route=\/wp\/v2\/users\/1"}],"replies":[{"embeddable":true,"href":"https:\/\/m-pc.hu\/index.php?rest_route=%2Fwp%2Fv2%2Fcomments&post=160"}],"version-history":[{"count":13,"href":"https:\/\/m-pc.hu\/index.php?rest_route=\/wp\/v2\/pages\/160\/revisions"}],"predecessor-version":[{"id":222,"href":"https:\/\/m-pc.hu\/index.php?rest_route=\/wp\/v2\/pages\/160\/revisions\/222"}],"wp:attachment":[{"href":"https:\/\/m-pc.hu\/index.php?rest_route=%2Fwp%2Fv2%2Fmedia&parent=160"}],"curies":[{"name":"wp","href":"https:\/\/api.w.org\/{rel}","templated":true}]}}