{"id":167,"date":"2019-08-08T08:03:09","date_gmt":"2019-08-08T08:03:09","guid":{"rendered":"http:\/\/m-pc.hu\/?page_id=167"},"modified":"2024-10-31T13:39:32","modified_gmt":"2024-10-31T13:39:32","slug":"kivitelezett-palyazataink","status":"publish","type":"page","link":"https:\/\/m-pc.hu\/?page_id=167","title":{"rendered":"Kivitelezett p\u00e1ly\u00e1zataink"},"content":{"rendered":"<p>Sikeresen besz\u00e1ll\u00edtott p\u00e1ly\u00e1zataim:<\/p>\n<p><strong>TOP-5.3.1-16-BS1-2017-00004<\/strong><br \/>\nAZ OROSH\u00c1ZI K\u00d6Z\u00d6SS\u00c9G\u00c9RT \u2013 HELYI IDENTIT\u00c1ST \u00c9S KOH\u00c9ZI\u00d3T ER\u0150S\u00cdT\u0150 PROGRAMOK T\u00c1RGY\u00da P\u00c1LY\u00c1ZAT<br \/>\nBrutt\u00f3: 4.656.468 Ft \u00e9rt\u00e9kben.<\/p>\n<p><strong>EFOP&#8211;4.1.7-16-2017-00293 azonos\u00edt\u00f3sz\u00e1m\u00fa<\/strong><br \/>\n\u201eA k\u00f6z\u00f6ss\u00e9gi m\u0171vel\u0151d\u00e9si int\u00e9zm\u00e9ny- \u00e9s szervezetrendszer tanul\u00e1st seg\u00edt\u0151 infrastruktur\u00e1lis fejleszt\u00e9sei\u201d c\u00edm\u0171 projektre<br \/>\nBrutt\u00f3: 1.885.714 Ft \u00e9rt\u00e9kben.<\/p>\n","protected":false},"excerpt":{"rendered":"<p>Sikeresen besz\u00e1ll\u00edtott p\u00e1ly\u00e1zataim: TOP-5.3.1-16-BS1-2017-00004 AZ OROSH\u00c1ZI K\u00d6Z\u00d6SS\u00c9G\u00c9RT \u2013 HELYI IDENTIT\u00c1ST \u00c9S KOH\u00c9ZI\u00d3T ER\u0150S\u00cdT\u0150 PROGRAMOK T\u00c1RGY\u00da P\u00c1LY\u00c1ZAT Brutt\u00f3: 4.656.468 Ft \u00e9rt\u00e9kben. EFOP&#8211;4.1.7-16-2017-00293 azonos\u00edt\u00f3sz\u00e1m\u00fa \u201eA k\u00f6z\u00f6ss\u00e9gi m\u0171vel\u0151d\u00e9si int\u00e9zm\u00e9ny- \u00e9s szervezetrendszer tanul\u00e1st seg\u00edt\u0151 infrastruktur\u00e1lis fejleszt\u00e9sei\u201d c\u00edm\u0171 projektre Brutt\u00f3: 1.885.714 Ft \u00e9rt\u00e9kben.<\/p>\n","protected":false},"author":1,"featured_media":0,"parent":0,"menu_order":0,"comment_status":"closed","ping_status":"closed","template":"","meta":{"footnotes":""},"class_list":["post-167","page","type-page","status-publish","hentry"],"_links":{"self":[{"href":"https:\/\/m-pc.hu\/index.php?rest_route=\/wp\/v2\/pages\/167"}],"collection":[{"href":"https:\/\/m-pc.hu\/index.php?rest_route=\/wp\/v2\/pages"}],"about":[{"href":"https:\/\/m-pc.hu\/index.php?rest_route=\/wp\/v2\/types\/page"}],"author":[{"embeddable":true,"href":"https:\/\/m-pc.hu\/index.php?rest_route=\/wp\/v2\/users\/1"}],"replies":[{"embeddable":true,"href":"https:\/\/m-pc.hu\/index.php?rest_route=%2Fwp%2Fv2%2Fcomments&post=167"}],"version-history":[{"count":3,"href":"https:\/\/m-pc.hu\/index.php?rest_route=\/wp\/v2\/pages\/167\/revisions"}],"predecessor-version":[{"id":218,"href":"https:\/\/m-pc.hu\/index.php?rest_route=\/wp\/v2\/pages\/167\/revisions\/218"}],"wp:attachment":[{"href":"https:\/\/m-pc.hu\/index.php?rest_route=%2Fwp%2Fv2%2Fmedia&parent=167"}],"curies":[{"name":"wp","href":"https:\/\/api.w.org\/{rel}","templated":true}]}}