{"id":23,"date":"2018-08-06T10:17:29","date_gmt":"2018-08-06T10:17:29","guid":{"rendered":"http:\/\/m-pc.hu\/?page_id=23"},"modified":"2018-08-07T07:21:57","modified_gmt":"2018-08-07T07:21:57","slug":"felvasarlas-2","status":"publish","type":"page","link":"https:\/\/m-pc.hu\/?page_id=23","title":{"rendered":"Felv\u00e1s\u00e1rl\u00e1s"},"content":{"rendered":"<p>[vc_row][vc_column][vc_column_text]<\/p>\n<h1><span style=\"color: #662d91;\">Haszn\u00e1lt sz\u00e1m\u00edt\u00f3g\u00e9pek, alaplapok, processzorok, mem\u00f3ri\u00e1k, merevlemezek, videok\u00e1rty\u00e1k, t\u00e1pegys\u00e9gek, monitorok felv\u00e1s\u00e1rl\u00e1sa, besz\u00e1m\u00edt\u00e1sa!<\/span><\/h1>\n<p>[\/vc_column_text][\/vc_column][\/vc_row][vc_row][vc_column width=&#8221;1\/4&#8243;][vc_single_image image=&#8221;10&#8243; img_size=&#8221;400&#215;300&#8243; label=&#8221;&#8221;][\/vc_column][vc_column width=&#8221;3\/4&#8243;][vc_column_text]<\/p>\n<ul>\n<li>Hozd be haszn\u00e1lt g\u00e9ped laptopod \u00e9s mi besz\u00e1m\u00edtjuk egy \u00faj PC vagy Laptop \u00e1r\u00e1ba.<\/li>\n<li>A hozott g\u00e9pet bevizsg\u00e1ljuk \u00e9s \u00e1raj\u00e1nlatot adunk r\u00e1.<\/li>\n<li>Ha neked is megfelel\u0151 az aj\u00e1nlat akkor besz\u00e1m\u00edtjuk \u00faj laptopod vagy PC \u00e1r\u00e1ba \u00edgy ak\u00e1r 30% olcs\u00f3bban is megveheted \u0151ket.<\/li>\n<li>Ha nem szeretn\u00e9l \u00fajat v\u00e1s\u00e1rolni, haszn\u00e1lt g\u00e9pedet kedvez\u0151 \u00e1ron megv\u00e1s\u00e1roljuk.<\/li>\n<li>Amit nem szeretn\u00e9nk venni(r\u00e9gi nyomtat\u00f3, hangsz\u00f3r\u00f3k, crt(hagyom\u00e1nyos) monitorok, Pentium 3 vagy ann\u00e1l r\u00e9gebbi g\u00e9p)<\/li>\n<\/ul>\n<p>[\/vc_column_text][\/vc_column][\/vc_row][vc_row][vc_column][vc_column_text]<strong>B\u0151vebb inform\u00e1ci\u00f3\u00e9rt \u00e9s \u00e1rak\u00e9rt keresse munkat\u00e1rsunkat el\u00e9rhet\u0151s\u00e9geinken.<\/strong>[\/vc_column_text][\/vc_column][\/vc_row]<\/p>\n","protected":false},"excerpt":{"rendered":"<p>[vc_row][vc_column][vc_column_text] Haszn\u00e1lt sz\u00e1m\u00edt\u00f3g\u00e9pek, alaplapok, processzorok, mem\u00f3ri\u00e1k, merevlemezek, videok\u00e1rty\u00e1k, t\u00e1pegys\u00e9gek, monitorok felv\u00e1s\u00e1rl\u00e1sa, besz\u00e1m\u00edt\u00e1sa! [\/vc_column_text][\/vc_column][\/vc_row][vc_row][vc_column width=&#8221;1\/4&#8243;][vc_single_image image=&#8221;10&#8243; img_size=&#8221;400&#215;300&#8243; label=&#8221;&#8221;][\/vc_column][vc_column width=&#8221;3\/4&#8243;][vc_column_text] Hozd be haszn\u00e1lt g\u00e9ped laptopod \u00e9s mi besz\u00e1m\u00edtjuk egy \u00faj PC vagy Laptop \u00e1r\u00e1ba. A hozott g\u00e9pet bevizsg\u00e1ljuk \u00e9s \u00e1raj\u00e1nlatot adunk r\u00e1. Ha neked is megfelel\u0151 az aj\u00e1nlat akkor besz\u00e1m\u00edtjuk \u00faj laptopod vagy PC \u00e1r\u00e1ba \u00edgy ak\u00e1r [&hellip;]<\/p>\n","protected":false},"author":1,"featured_media":0,"parent":0,"menu_order":0,"comment_status":"closed","ping_status":"closed","template":"","meta":{"footnotes":""},"class_list":["post-23","page","type-page","status-publish","hentry"],"_links":{"self":[{"href":"https:\/\/m-pc.hu\/index.php?rest_route=\/wp\/v2\/pages\/23"}],"collection":[{"href":"https:\/\/m-pc.hu\/index.php?rest_route=\/wp\/v2\/pages"}],"about":[{"href":"https:\/\/m-pc.hu\/index.php?rest_route=\/wp\/v2\/types\/page"}],"author":[{"embeddable":true,"href":"https:\/\/m-pc.hu\/index.php?rest_route=\/wp\/v2\/users\/1"}],"replies":[{"embeddable":true,"href":"https:\/\/m-pc.hu\/index.php?rest_route=%2Fwp%2Fv2%2Fcomments&post=23"}],"version-history":[{"count":6,"href":"https:\/\/m-pc.hu\/index.php?rest_route=\/wp\/v2\/pages\/23\/revisions"}],"predecessor-version":[{"id":136,"href":"https:\/\/m-pc.hu\/index.php?rest_route=\/wp\/v2\/pages\/23\/revisions\/136"}],"wp:attachment":[{"href":"https:\/\/m-pc.hu\/index.php?rest_route=%2Fwp%2Fv2%2Fmedia&parent=23"}],"curies":[{"name":"wp","href":"https:\/\/api.w.org\/{rel}","templated":true}]}}