{"id":27,"date":"2018-08-06T10:18:21","date_gmt":"2018-08-06T10:18:21","guid":{"rendered":"http:\/\/m-pc.hu\/?page_id=27"},"modified":"2018-08-07T07:09:05","modified_gmt":"2018-08-07T07:09:05","slug":"laminalas-2","status":"publish","type":"page","link":"https:\/\/m-pc.hu\/?page_id=27","title":{"rendered":"Lamin\u00e1l\u00e1s"},"content":{"rendered":"<p>[vc_row][vc_column][vc_column_text]<\/p>\n<h1><span style=\"color: #662d91;\">Lamin\u00e1l\u00e1s \u2013 lamin\u00e1l\u00e1s A6-A3 m\u00e9retig<\/span><\/h1>\n<h3><span style=\"color: #662d91;\">Lamin\u00e1l\u00e1s:<\/span><\/h3>\n<p><img loading=\"lazy\" decoding=\"async\" class=\"size-medium wp-image-17 alignleft\" src=\"https:\/\/m-pc.hu\/wp-content\/uploads\/2018\/08\/lamin\u00e1l\u00e1s-300x186.jpg\" alt=\"\" width=\"300\" height=\"186\" srcset=\"https:\/\/m-pc.hu\/wp-content\/uploads\/2018\/08\/lamin\u00e1l\u00e1s-300x186.jpg 300w, https:\/\/m-pc.hu\/wp-content\/uploads\/2018\/08\/lamin\u00e1l\u00e1s.jpg 700w\" sizes=\"(max-width: 300px) 100vw, 300px\" \/>Ha szeretn\u00e9 fontos dokumentumait id\u0151t\u00e1ll\u00f3v\u00e1 tenni, akkor erre a legalkalmasabb megold\u00e1s a\u00a0<strong>lamin\u00e1l\u00e1s<\/strong>. C\u00e9g\u00fcnk v\u00e1llal<br \/>\n<strong>lamin\u00e1l\u00e1s<\/strong>t ak\u00e1r n\u00e9vjegyk\u00e1rtya m\u00e9rett\u0151l A3 m\u00e9retig. \u00dczleteinkben gyors lamin\u00e1l\u00f3 g\u00e9pekkel rendelkez\u00fcnk hogy az \u00d6n\u00f6k ig\u00e9nyeinek mindenben megfelelj\u00fcnk.[\/vc_column_text][\/vc_column][\/vc_row][vc_row][vc_column][vc_column_text]<\/p>\n<h3><span style=\"color: #662d91;\">Lamin\u00e1l\u00e1s param\u00e9terei :<\/span><\/h3>\n<ul>\n<li>V\u00edzhatlan kivitel<\/li>\n<li>Lamin\u00e1l\u00e1s 80-175 micron vastag f\u00f3li\u00e1val<\/li>\n<li>N\u00e9vjegyk\u00e1rtya m\u00e9rett\u0151l A3 as m\u00e9retig<\/li>\n<li>F\u00e9nyes \u00e9s matt lamin\u00e1l\u00f3 f\u00f3lia<\/li>\n<li>Tart\u00f3 \u00e9s id\u0151t\u00e1ll\u00f3 kivitel<\/li>\n<li>Speci\u00e1lis lamin\u00e1l\u00f3 f\u00f3li\u00e1k: \u00f6ntapad\u00f3 lamin\u00e1l\u00e1s, matt lamin\u00e1l\u00e1s, zsebes lamin\u00e1l\u00e1s<\/li>\n<li>Gyors lamin\u00e1l\u00e1s<\/li>\n<\/ul>\n<p>[\/vc_column_text][\/vc_column][\/vc_row]<\/p>\n","protected":false},"excerpt":{"rendered":"<p>[vc_row][vc_column][vc_column_text] Lamin\u00e1l\u00e1s \u2013 lamin\u00e1l\u00e1s A6-A3 m\u00e9retig Lamin\u00e1l\u00e1s: Ha szeretn\u00e9 fontos dokumentumait id\u0151t\u00e1ll\u00f3v\u00e1 tenni, akkor erre a legalkalmasabb megold\u00e1s a\u00a0lamin\u00e1l\u00e1s. C\u00e9g\u00fcnk v\u00e1llal lamin\u00e1l\u00e1st ak\u00e1r n\u00e9vjegyk\u00e1rtya m\u00e9rett\u0151l A3 m\u00e9retig. \u00dczleteinkben gyors lamin\u00e1l\u00f3 g\u00e9pekkel rendelkez\u00fcnk hogy az \u00d6n\u00f6k ig\u00e9nyeinek mindenben megfelelj\u00fcnk.[\/vc_column_text][\/vc_column][\/vc_row][vc_row][vc_column][vc_column_text] Lamin\u00e1l\u00e1s param\u00e9terei : V\u00edzhatlan kivitel Lamin\u00e1l\u00e1s 80-175 micron vastag f\u00f3li\u00e1val N\u00e9vjegyk\u00e1rtya m\u00e9rett\u0151l A3 as m\u00e9retig F\u00e9nyes \u00e9s [&hellip;]<\/p>\n","protected":false},"author":1,"featured_media":0,"parent":0,"menu_order":0,"comment_status":"closed","ping_status":"closed","template":"","meta":{"footnotes":""},"class_list":["post-27","page","type-page","status-publish","hentry"],"_links":{"self":[{"href":"https:\/\/m-pc.hu\/index.php?rest_route=\/wp\/v2\/pages\/27"}],"collection":[{"href":"https:\/\/m-pc.hu\/index.php?rest_route=\/wp\/v2\/pages"}],"about":[{"href":"https:\/\/m-pc.hu\/index.php?rest_route=\/wp\/v2\/types\/page"}],"author":[{"embeddable":true,"href":"https:\/\/m-pc.hu\/index.php?rest_route=\/wp\/v2\/users\/1"}],"replies":[{"embeddable":true,"href":"https:\/\/m-pc.hu\/index.php?rest_route=%2Fwp%2Fv2%2Fcomments&post=27"}],"version-history":[{"count":4,"href":"https:\/\/m-pc.hu\/index.php?rest_route=\/wp\/v2\/pages\/27\/revisions"}],"predecessor-version":[{"id":128,"href":"https:\/\/m-pc.hu\/index.php?rest_route=\/wp\/v2\/pages\/27\/revisions\/128"}],"wp:attachment":[{"href":"https:\/\/m-pc.hu\/index.php?rest_route=%2Fwp%2Fv2%2Fmedia&parent=27"}],"curies":[{"name":"wp","href":"https:\/\/api.w.org\/{rel}","templated":true}]}}