{"id":48,"date":"2018-08-06T10:24:45","date_gmt":"2018-08-06T10:24:45","guid":{"rendered":"http:\/\/m-pc.hu\/?page_id=48"},"modified":"2018-08-06T10:28:36","modified_gmt":"2018-08-06T10:28:36","slug":"szolgaltatasok","status":"publish","type":"page","link":"https:\/\/m-pc.hu\/?page_id=48","title":{"rendered":"Szolg\u00e1ltat\u00e1sok"},"content":{"rendered":"<p>Szerviz szolg\u00e1ltat\u00e1sunkon bel\u00fcl v\u00e1llaljuk\u00a0<strong>sz\u00e1m\u00edt\u00f3g\u00e9pek (PC)<\/strong>,\u00a0<strong>notebookok<\/strong>, netbookok \u00e9s\u00a0<strong>laptopok<\/strong>\u00a0teljes<\/p>\n<p>k\u00f6r\u0171 jav\u00edt\u00e1s\u00e1t, legyen az hardveres vagy szoftveres hiba! Szerviz\u00fcnkben vagy ak\u00e1r az \u00d6n Otthon\u00e1ban, a helysz\u00ednen is!<\/p>\n<h2>Alapelveink<\/h2>\n<ul>\n<li><strong>FiX munkad\u00edjak<\/strong>, amelyeket\u00a0<strong>el\u0151re egyeztet\u00fcnk<\/strong>\u00a0a megrendel\u0151vel!<\/li>\n<li>Munk\u00e1inkra 6 h\u00f3nap garanci\u00e1t v\u00e1llalunk!<\/li>\n<li>Sikertelen munkav\u00e9gz\u00e9s\u00e9rt nem sz\u00e1molunk fel munkad\u00edjat!<\/li>\n<li>Adatait biztons\u00e1ggal \u00e9s magas fok\u00fa k\u00f6r\u00fcltekint\u00e9ssel kezelj\u00fck!<\/li>\n<\/ul>\n<p>Teh\u00e1t\u00a0<u>nem \u00f3rad\u00edjban dolgozunk<\/u>,\u00a0<strong>\u00d6nnek<\/strong>\u00a0csak el kell mondania mi a probl\u00e9ma \u00e9s a FiX munkad\u00edj\u00e9rt cser\u00e9be\u00a0<strong>mi <\/strong><\/p>\n<p>megoldjuk, ak\u00e1rmennyi id\u0151t is vesz ig\u00e9nybe!<\/p>\n","protected":false},"excerpt":{"rendered":"<p>Szerviz szolg\u00e1ltat\u00e1sunkon bel\u00fcl v\u00e1llaljuk\u00a0sz\u00e1m\u00edt\u00f3g\u00e9pek (PC),\u00a0notebookok, netbookok \u00e9s\u00a0laptopok\u00a0teljes k\u00f6r\u0171 jav\u00edt\u00e1s\u00e1t, legyen az hardveres vagy szoftveres hiba! Szerviz\u00fcnkben vagy ak\u00e1r az \u00d6n Otthon\u00e1ban, a helysz\u00ednen is! Alapelveink FiX munkad\u00edjak, amelyeket\u00a0el\u0151re egyeztet\u00fcnk\u00a0a megrendel\u0151vel! Munk\u00e1inkra 6 h\u00f3nap garanci\u00e1t v\u00e1llalunk! Sikertelen munkav\u00e9gz\u00e9s\u00e9rt nem sz\u00e1molunk fel munkad\u00edjat! Adatait biztons\u00e1ggal \u00e9s magas fok\u00fa k\u00f6r\u00fcltekint\u00e9ssel kezelj\u00fck! Teh\u00e1t\u00a0nem \u00f3rad\u00edjban dolgozunk,\u00a0\u00d6nnek\u00a0csak el kell mondania mi [&hellip;]<\/p>\n","protected":false},"author":1,"featured_media":0,"parent":0,"menu_order":0,"comment_status":"closed","ping_status":"closed","template":"","meta":{"footnotes":""},"class_list":["post-48","page","type-page","status-publish","hentry"],"_links":{"self":[{"href":"https:\/\/m-pc.hu\/index.php?rest_route=\/wp\/v2\/pages\/48"}],"collection":[{"href":"https:\/\/m-pc.hu\/index.php?rest_route=\/wp\/v2\/pages"}],"about":[{"href":"https:\/\/m-pc.hu\/index.php?rest_route=\/wp\/v2\/types\/page"}],"author":[{"embeddable":true,"href":"https:\/\/m-pc.hu\/index.php?rest_route=\/wp\/v2\/users\/1"}],"replies":[{"embeddable":true,"href":"https:\/\/m-pc.hu\/index.php?rest_route=%2Fwp%2Fv2%2Fcomments&post=48"}],"version-history":[{"count":2,"href":"https:\/\/m-pc.hu\/index.php?rest_route=\/wp\/v2\/pages\/48\/revisions"}],"predecessor-version":[{"id":65,"href":"https:\/\/m-pc.hu\/index.php?rest_route=\/wp\/v2\/pages\/48\/revisions\/65"}],"wp:attachment":[{"href":"https:\/\/m-pc.hu\/index.php?rest_route=%2Fwp%2Fv2%2Fmedia&parent=48"}],"curies":[{"name":"wp","href":"https:\/\/api.w.org\/{rel}","templated":true}]}}